{"id":39,"date":"2026-03-24T03:33:45","date_gmt":"2026-03-24T03:33:45","guid":{"rendered":"https:\/\/artisan-plombier-paris-14.com\/?page_id=39"},"modified":"2026-03-24T03:34:08","modified_gmt":"2026-03-24T03:34:08","slug":"faq-m-armani-plombier-paris-14","status":"publish","type":"page","link":"https:\/\/artisan-plombier-paris-14.com\/index.php\/faq-m-armani-plombier-paris-14\/","title":{"rendered":"FAQ \u2013 M. Armani Plombier Paris 14"},"content":{"rendered":"\n<p><strong>Quel est le d\u00e9lai d\u2019intervention pour un plombier Paris 14 ?<\/strong><br><strong>M. Armani Plombier Paris 14<\/strong> intervient rapidement dans tout le <strong>Paris 14 (75014)<\/strong>. En cas d\u2019urgence, un <strong>plombier Paris 14<\/strong> peut se d\u00e9placer dans les plus brefs d\u00e9lais depuis le <strong>2 Rue Paturle, 75014 Paris, France<\/strong> afin de r\u00e9soudre votre probl\u00e8me de plomberie.<\/p>\n\n\n\n<hr class=\"wp-block-separator has-alpha-channel-opacity\"\/>\n\n\n\n<p><strong>Proposez-vous un service de plombier Paris 14 urgence ?<\/strong><br>Oui, <strong>M. Armani Plombier Paris 14<\/strong> propose un service de <strong>plombier Paris 14 urgence<\/strong> disponible 24h\/24 et 7j\/7. Que ce soit pour une fuite d\u2019eau, un WC bouch\u00e9 ou un probl\u00e8me de chauffe-eau, un <strong>plombier Paris 14<\/strong> intervient rapidement dans tout le <strong>75014<\/strong>.<\/p>\n\n\n\n<hr class=\"wp-block-separator has-alpha-channel-opacity\"\/>\n\n\n\n<p><strong>Quels sont les tarifs d\u2019un plombier Paris 14 ?<\/strong><br>Les tarifs de <strong>M. Armani Plombier Paris 14<\/strong> sont transparents :<\/p>\n\n\n\n<ul class=\"wp-block-list\">\n<li>D\u00e9placement en journ\u00e9e : <strong>39\u20ac HT<\/strong><\/li>\n\n\n\n<li>D\u00e9placement en soir\u00e9e, week-end et jours f\u00e9ri\u00e9s : <strong>69\u20ac HT<\/strong><\/li>\n<\/ul>\n\n\n\n<p>Pour toute intervention de <strong>plombier Paris 14<\/strong>, contactez directement le <a href=\"tel:0186267269\"><strong>01 86 26 72 69<\/strong> <\/a>ou le <strong><a href=\"tel:0666591923\">06 66 59 19 23<\/a><\/strong>.<\/p>\n\n\n\n<hr class=\"wp-block-separator has-alpha-channel-opacity\"\/>\n\n\n\n<p><strong>Intervenez-vous dans tous les quartiers du Paris 14 ?<\/strong><br>Oui, <strong>M. Armani Plombier Paris 14<\/strong> intervient dans tout le <strong>Paris 14 (75014)<\/strong>, notamment \u00e0 Montparnasse, Al\u00e9sia, Plaisance et Pernety. Un <strong>plombier Paris 14<\/strong> peut se d\u00e9placer rapidement dans tous les quartiers du 14e arrondissement.<\/p>\n\n\n\n<hr class=\"wp-block-separator has-alpha-channel-opacity\"\/>\n\n\n\n<p><strong>Quels types de services propose un plombier Paris 14 ?<\/strong><br><strong>M. Armani Plombier Paris 14<\/strong> propose tous types de prestations :<\/p>\n\n\n\n<ul class=\"wp-block-list\">\n<li><strong>D\u00e9pannage plomberie Paris 14<\/strong><\/li>\n\n\n\n<li><strong>D\u00e9bouchage canalisation Paris 14<\/strong><\/li>\n\n\n\n<li><strong>Recherche fuite Paris 14<\/strong><\/li>\n\n\n\n<li><strong>Chauffe-eau Paris 14<\/strong><\/li>\n\n\n\n<li><strong>Plombier pas cher Paris 14<\/strong><\/li>\n<\/ul>\n\n\n\n<p>Chaque intervention est r\u00e9alis\u00e9e par un <strong>plombier Paris 14<\/strong> qualifi\u00e9.<\/p>\n\n\n\n<hr class=\"wp-block-separator has-alpha-channel-opacity\"\/>\n\n\n\n<p><strong>Comment contacter un plombier Paris 14 rapidement ?<\/strong><br>Pour toute demande de <strong>plombier Paris 14<\/strong>, contactez directement <strong>M. Armani Plombier Paris 14<\/strong> :<\/p>\n\n\n\n<p>\ud83d\udccd <strong>2 Rue Paturle, 75014 Paris, France<\/strong><br>\ud83d\udcde <strong>01 86 26 72 69<\/strong><br>\ud83d\udcf1 <strong>06 66 59 19 23<\/strong><\/p>\n\n\n\n<p>Un <strong>plombier Paris 14<\/strong> est disponible rapidement pour toute intervention.<\/p>\n\n\n\n<hr class=\"wp-block-separator has-alpha-channel-opacity\"\/>\n\n\n\n<p><strong>Pourquoi choisir M. Armani Plombier Paris 14 ?<\/strong><br><strong>M. Armani Plombier Paris 14<\/strong> est un <strong>artisan plombier Paris 14<\/strong> reconnu pour sa rapidit\u00e9, son s\u00e9rieux et la qualit\u00e9 de ses interventions. Disponible 24h\/24 et 7j\/7, le <strong>plombier Paris 14<\/strong> intervient dans tout le <strong>75014<\/strong> avec des tarifs transparents et un service professionnel.<\/p>\n\n\n\n<hr class=\"wp-block-separator has-alpha-channel-opacity\"\/>\n\n\n\n<p><strong>O\u00f9 trouver plus d\u2019informations sur vos services ?<\/strong><br>Vous pouvez consulter le site principal <strong><a href=\"https:\/\/www.plombier24-7.com\/plombier-paris-14-m-armani-plombier\">plombier24-7.com<\/a><\/strong> pour d\u00e9couvrir toutes les prestations de <strong>M. Armani Plombier Paris 14<\/strong> et trouver un <strong>plombier Paris 14<\/strong> disponible rapidement.<\/p>\n\n\n\n<p><\/p>\n","protected":false},"excerpt":{"rendered":"<p>Quel est le d\u00e9lai d\u2019intervention pour un plombier Paris 14 ?M. Armani Plombier Paris 14 intervient rapidement dans tout le Paris 14 (75014). En cas d\u2019urgence, un plombier Paris 14 peut se d\u00e9placer dans les plus brefs d\u00e9lais depuis le 2 Rue Paturle, 75014 Paris, France afin de r\u00e9soudre votre probl\u00e8me de plomberie. Proposez-vous un [&hellip;]<\/p>\n","protected":false},"author":1,"featured_media":0,"parent":0,"menu_order":0,"comment_status":"closed","ping_status":"closed","template":"","meta":{"footnotes":""},"class_list":["post-39","page","type-page","status-publish","hentry"],"_links":{"self":[{"href":"https:\/\/artisan-plombier-paris-14.com\/index.php\/wp-json\/wp\/v2\/pages\/39","targetHints":{"allow":["GET"]}}],"collection":[{"href":"https:\/\/artisan-plombier-paris-14.com\/index.php\/wp-json\/wp\/v2\/pages"}],"about":[{"href":"https:\/\/artisan-plombier-paris-14.com\/index.php\/wp-json\/wp\/v2\/types\/page"}],"author":[{"embeddable":true,"href":"https:\/\/artisan-plombier-paris-14.com\/index.php\/wp-json\/wp\/v2\/users\/1"}],"replies":[{"embeddable":true,"href":"https:\/\/artisan-plombier-paris-14.com\/index.php\/wp-json\/wp\/v2\/comments?post=39"}],"version-history":[{"count":2,"href":"https:\/\/artisan-plombier-paris-14.com\/index.php\/wp-json\/wp\/v2\/pages\/39\/revisions"}],"predecessor-version":[{"id":41,"href":"https:\/\/artisan-plombier-paris-14.com\/index.php\/wp-json\/wp\/v2\/pages\/39\/revisions\/41"}],"wp:attachment":[{"href":"https:\/\/artisan-plombier-paris-14.com\/index.php\/wp-json\/wp\/v2\/media?parent=39"}],"curies":[{"name":"wp","href":"https:\/\/api.w.org\/{rel}","templated":true}]}}