{"id":16,"date":"2026-03-24T03:13:54","date_gmt":"2026-03-24T03:13:54","guid":{"rendered":"https:\/\/artisan-plombier-paris-14.com\/?page_id=16"},"modified":"2026-03-24T03:48:47","modified_gmt":"2026-03-24T03:48:47","slug":"artisan-plombier-paris-14","status":"publish","type":"page","link":"https:\/\/artisan-plombier-paris-14.com\/index.php\/artisan-plombier-paris-14\/","title":{"rendered":"Artisan Plombier Paris 14"},"content":{"rendered":"\n<p>M. Armani <strong>Plombier Paris 14<\/strong> est un artisan plombier sp\u00e9cialis\u00e9 en <strong>d\u00e9pannage plomberie \u00e0 Paris 14 (75014)<\/strong>, intervenant rapidement pour tous types de travaux et d\u2019urgences. Si vous recherchez un artisan <strong>plombier Paris 14<\/strong> fiable, exp\u00e9riment\u00e9 et disponible 24h\/24 et 7j\/7, <strong>M. Armani Plombier Paris 14<\/strong> vous propose des <strong>interventions rapides dans tout le 14e arrondissement.<\/strong><\/p>\n\n\n\n<figure class=\"wp-block-image size-large\"><img loading=\"lazy\" decoding=\"async\" width=\"1024\" height=\"683\" src=\"https:\/\/artisan-plombier-paris-14.com\/wp-content\/uploads\/2026\/03\/ChatGPT-Image-24-mars-2026-04_46_05-1024x683.png\" alt=\"\" class=\"wp-image-53\" srcset=\"https:\/\/artisan-plombier-paris-14.com\/wp-content\/uploads\/2026\/03\/ChatGPT-Image-24-mars-2026-04_46_05-1024x683.png 1024w, https:\/\/artisan-plombier-paris-14.com\/wp-content\/uploads\/2026\/03\/ChatGPT-Image-24-mars-2026-04_46_05-300x200.png 300w, https:\/\/artisan-plombier-paris-14.com\/wp-content\/uploads\/2026\/03\/ChatGPT-Image-24-mars-2026-04_46_05-768x512.png 768w, https:\/\/artisan-plombier-paris-14.com\/wp-content\/uploads\/2026\/03\/ChatGPT-Image-24-mars-2026-04_46_05.png 1536w\" sizes=\"auto, (max-width: 1024px) 100vw, 1024px\" \/><\/figure>\n\n\n\n<p>Situ\u00e9 au <strong>2 Rue Paturle, 75014 Paris<\/strong>, M. Armani <strong>Plombier Paris 14<\/strong> intervient dans tout le secteur du 75014, notamment \u00e0 Montparnasse, Al\u00e9sia, Plaisance et Pernety. Gr\u00e2ce \u00e0 une parfaite connaissance du terrain, votre artisan <strong>plombier Paris 14<\/strong> est en mesure d\u2019intervenir rapidement pour tous types de d\u00e9pannages plomberie \u00e0 Paris 14.<\/p>\n\n\n\n<p>L\u2019artisan plombier Paris 14 M. Armani prend en charge l\u2019ensemble des prestations de plomberie : r\u00e9paration de fuite d\u2019eau, d\u00e9bouchage de canalisation, recherche de fuite, remplacement de chauffe-eau, installation sanitaire et d\u00e9pannage plomberie en urgence. Chaque intervention est r\u00e9alis\u00e9e avec s\u00e9rieux par un artisan plombier Paris 14 exp\u00e9riment\u00e9, garantissant un travail propre et durable.<\/p>\n\n\n\n<p>Faire appel \u00e0 un artisan <strong>plombier Paris 14<\/strong> comme M. Armani, c\u2019est b\u00e9n\u00e9ficier d\u2019un service de proximit\u00e9 avec une intervention rapide dans tout Paris 14 (75014). Le <strong>plombier Paris 14<\/strong> intervient aussi bien pour les urgences que pour les travaux programm\u00e9s, avec une disponibilit\u00e9 permanente 24h\/24 et 7j\/7.<\/p>\n\n\n\n<p><strong>M. Armani Plombier Paris 14<\/strong> propose des tarifs clairs pour toutes ses interventions. Le d\u00e9placement est de 39\u20ac HT en journ\u00e9e et 69\u20ac HT en soir\u00e9e, week-end et jours f\u00e9ri\u00e9s. Pour toute demande de devis ou d\u2019intervention, contactez directement votre artisan <strong>plombier Paris 14.<\/strong><\/p>\n\n\n\n<p><strong>M. Armani Plombier Paris 14 \u2013 2 Rue Paturle, 75014 Paris<\/strong>, France<br>T\u00e9l\u00e9phone : <a href=\"tel:0186267269\">01 86 26 72 69<\/a><br>Mobile : <a href=\"tel:0666591923\">06 66 59 19 23<\/a><\/p>\n\n\n\n<p>Pour en savoir plus sur l\u2019ensemble des services de plomberie \u00e0 Paris, consultez le site principal <strong><a href=\"http:\/\/www.plombier24-7.com\" data-type=\"link\" data-id=\"www.plombier24-7.com\">plombier24-7.com<\/a><\/strong>, r\u00e9f\u00e9rence pour trouver un artisan plombier Paris et un <strong>plombier Paris 14<\/strong> disponible rapidement.<\/p>\n","protected":false},"excerpt":{"rendered":"<p>M. Armani Plombier Paris 14 est un artisan plombier sp\u00e9cialis\u00e9 en d\u00e9pannage plomberie \u00e0 Paris 14 (75014), intervenant rapidement pour tous types de travaux et d\u2019urgences. Si vous recherchez un artisan plombier Paris 14 fiable, exp\u00e9riment\u00e9 et disponible 24h\/24 et 7j\/7, M. Armani Plombier Paris 14 vous propose des interventions rapides dans tout le 14e [&hellip;]<\/p>\n","protected":false},"author":1,"featured_media":0,"parent":0,"menu_order":0,"comment_status":"closed","ping_status":"closed","template":"","meta":{"footnotes":""},"class_list":["post-16","page","type-page","status-publish","hentry"],"_links":{"self":[{"href":"https:\/\/artisan-plombier-paris-14.com\/index.php\/wp-json\/wp\/v2\/pages\/16","targetHints":{"allow":["GET"]}}],"collection":[{"href":"https:\/\/artisan-plombier-paris-14.com\/index.php\/wp-json\/wp\/v2\/pages"}],"about":[{"href":"https:\/\/artisan-plombier-paris-14.com\/index.php\/wp-json\/wp\/v2\/types\/page"}],"author":[{"embeddable":true,"href":"https:\/\/artisan-plombier-paris-14.com\/index.php\/wp-json\/wp\/v2\/users\/1"}],"replies":[{"embeddable":true,"href":"https:\/\/artisan-plombier-paris-14.com\/index.php\/wp-json\/wp\/v2\/comments?post=16"}],"version-history":[{"count":3,"href":"https:\/\/artisan-plombier-paris-14.com\/index.php\/wp-json\/wp\/v2\/pages\/16\/revisions"}],"predecessor-version":[{"id":54,"href":"https:\/\/artisan-plombier-paris-14.com\/index.php\/wp-json\/wp\/v2\/pages\/16\/revisions\/54"}],"wp:attachment":[{"href":"https:\/\/artisan-plombier-paris-14.com\/index.php\/wp-json\/wp\/v2\/media?parent=16"}],"curies":[{"name":"wp","href":"https:\/\/api.w.org\/{rel}","templated":true}]}}